{"id":738,"date":"2021-03-05T07:30:07","date_gmt":"2021-03-05T07:30:07","guid":{"rendered":"https:\/\/resetclinic.ro\/?page_id=738"},"modified":"2021-03-05T07:36:18","modified_gmt":"2021-03-05T07:36:18","slug":"tecar","status":"publish","type":"page","link":"https:\/\/resetclinic.ro\/index.php\/tecar\/","title":{"rendered":"Tecar"},"content":{"rendered":"\t\t<div data-elementor-type=\"wp-page\" data-elementor-id=\"738\" class=\"elementor elementor-738\" data-elementor-settings=\"[]\">\n\t\t\t\t\t\t<div class=\"elementor-inner\">\n\t\t\t\t\t\t\t<div class=\"elementor-section-wrap\">\n\t\t\t\t\t\t\t<section class=\"elementor-section elementor-top-section elementor-element elementor-element-aae76ac elementor-section-boxed elementor-section-height-default elementor-section-height-default\" data-id=\"aae76ac\" data-element_type=\"section\">\n\t\t\t\t\t\t\t<div class=\"elementor-background-overlay\"><\/div>\n\t\t\t\t\t\t\t<div class=\"elementor-container elementor-column-gap-default\">\n\t\t\t\t\t\t\t<div class=\"elementor-row\">\n\t\t\t\t\t<div class=\"elementor-column elementor-col-100 elementor-top-column elementor-element elementor-element-a5d0777\" data-id=\"a5d0777\" data-element_type=\"column\">\n\t\t\t<div class=\"elementor-column-wrap elementor-element-populated\">\n\t\t\t\t\t\t\t<div class=\"elementor-widget-wrap\">\n\t\t\t\t\t\t<section class=\"elementor-section elementor-inner-section elementor-element elementor-element-5730900 elementor-section-boxed elementor-section-height-default elementor-section-height-default\" data-id=\"5730900\" data-element_type=\"section\">\n\t\t\t\t\t\t<div class=\"elementor-container elementor-column-gap-default\">\n\t\t\t\t\t\t\t<div class=\"elementor-row\">\n\t\t\t\t\t<div class=\"elementor-column elementor-col-50 elementor-inner-column elementor-element elementor-element-b45a97f\" data-id=\"b45a97f\" data-element_type=\"column\" data-settings=\"{&quot;background_background&quot;:&quot;classic&quot;}\">\n\t\t\t<div class=\"elementor-column-wrap elementor-element-populated\">\n\t\t\t\t\t\t\t<div class=\"elementor-widget-wrap\">\n\t\t\t\t\t\t<div class=\"elementor-element elementor-element-04d3e02 elementor--h-position-center elementor--v-position-middle elementor-arrows-position-inside elementor-pagination-position-inside elementor-widget elementor-widget-slides\" data-id=\"04d3e02\" data-element_type=\"widget\" data-settings=\"{&quot;navigation&quot;:&quot;both&quot;,&quot;autoplay&quot;:&quot;yes&quot;,&quot;pause_on_hover&quot;:&quot;yes&quot;,&quot;pause_on_interaction&quot;:&quot;yes&quot;,&quot;autoplay_speed&quot;:5000,&quot;infinite&quot;:&quot;yes&quot;,&quot;transition&quot;:&quot;slide&quot;,&quot;transition_speed&quot;:500}\" data-widget_type=\"slides.default\">\n\t\t\t\t<div class=\"elementor-widget-container\">\n\t\t\t\t\t<div class=\"elementor-swiper\">\n\t\t\t<div class=\"elementor-slides-wrapper elementor-main-swiper swiper-container\" dir=\"ltr\" data-animation=\"fadeInUp\">\n\t\t\t\t<div class=\"swiper-wrapper elementor-slides\">\n\t\t\t\t\t<div class=\"elementor-repeater-item-13c6396 swiper-slide\"><div class=\"swiper-slide-bg\"><\/div><div class=\"swiper-slide-inner\" ><div class=\"swiper-slide-contents\"><\/div><\/div><\/div><div class=\"elementor-repeater-item-39f3275 swiper-slide\"><div class=\"swiper-slide-bg\"><\/div><div class=\"swiper-slide-inner\" ><div class=\"swiper-slide-contents\"><\/div><\/div><\/div><div class=\"elementor-repeater-item-dc9d67e swiper-slide\"><div class=\"swiper-slide-bg\"><\/div><div class=\"swiper-slide-inner\" ><div class=\"swiper-slide-contents\"><\/div><\/div><\/div>\t\t\t\t<\/div>\n\t\t\t\t\t\t\t\t\t\t\t\t\t\t\t<div class=\"swiper-pagination\"><\/div>\n\t\t\t\t\t\t\t\t\t\t\t\t\t\t\t\t<div class=\"elementor-swiper-button elementor-swiper-button-prev\">\n\t\t\t\t\t\t\t<i class=\"eicon-chevron-left\" aria-hidden=\"true\"><\/i>\n\t\t\t\t\t\t\t<span class=\"elementor-screen-only\">Previous<\/span>\n\t\t\t\t\t\t<\/div>\n\t\t\t\t\t\t<div class=\"elementor-swiper-button elementor-swiper-button-next\">\n\t\t\t\t\t\t\t<i class=\"eicon-chevron-right\" aria-hidden=\"true\"><\/i>\n\t\t\t\t\t\t\t<span class=\"elementor-screen-only\">Next<\/span>\n\t\t\t\t\t\t<\/div>\n\t\t\t\t\t\t\t\t\t\t\t\t<\/div>\n\t\t<\/div>\n\t\t\t\t<\/div>\n\t\t\t\t<\/div>\n\t\t\t\t\t\t<\/div>\n\t\t\t\t\t<\/div>\n\t\t<\/div>\n\t\t\t\t<div class=\"elementor-column elementor-col-50 elementor-inner-column elementor-element elementor-element-18b4965\" data-id=\"18b4965\" data-element_type=\"column\" data-settings=\"{&quot;background_background&quot;:&quot;classic&quot;}\">\n\t\t\t<div class=\"elementor-column-wrap elementor-element-populated\">\n\t\t\t\t\t\t\t<div class=\"elementor-widget-wrap\">\n\t\t\t\t\t\t<div class=\"elementor-element elementor-element-7b6e8c3 elementor-widget elementor-widget-heading\" data-id=\"7b6e8c3\" data-element_type=\"widget\" data-widget_type=\"heading.default\">\n\t\t\t\t<div class=\"elementor-widget-container\">\n\t\t\t<h2 class=\"elementor-heading-title elementor-size-default\">Tecar<\/h2>\t\t<\/div>\n\t\t\t\t<\/div>\n\t\t\t\t<div class=\"elementor-element elementor-element-f9bcd46 elementor-widget elementor-widget-text-editor\" data-id=\"f9bcd46\" data-element_type=\"widget\" data-widget_type=\"text-editor.default\">\n\t\t\t\t<div class=\"elementor-widget-container\">\n\t\t\t\t\t\t\t\t<div class=\"elementor-text-editor elementor-clearfix\">\n\t\t\t\t\t<p>Terapia prin radiofrecven\u021ba TECAR transfer\u0103 curent electromagnetic de \u00eenalt\u0103 frecven\u021b\u0103 prin toate \u021besuturile corpului \u0219i creeaz\u0103 o bun\u0103 localizare a efectului termic \u00een \u021besut, sus\u021bin\u00e2nd vindecarea at\u00e2t la nivel macroscopic c\u00e2t \u0219i celular. \u00cenc\u00e2lzirea \u021besuturilor are ca efect cre\u0219terea aportului de s\u00e2nge \u00een zon\u0103, schimbul dintre vene \u0219i \u021besuturi av\u00e2nd loc mai rapid, iar astfel \u021besutului i se furnizeaz\u0103 mai mult oxigen \u0219i substan\u021be nutritive \u00eentr-un timp mai scurt.<\/p>\t\t\t\t\t<\/div>\n\t\t\t\t\t\t<\/div>\n\t\t\t\t<\/div>\n\t\t\t\t\t\t<\/div>\n\t\t\t\t\t<\/div>\n\t\t<\/div>\n\t\t\t\t\t\t\t\t<\/div>\n\t\t\t\t\t<\/div>\n\t\t<\/section>\n\t\t\t\t<section class=\"elementor-section elementor-inner-section elementor-element elementor-element-04b6683 elementor-section-boxed elementor-section-height-default elementor-section-height-default\" data-id=\"04b6683\" data-element_type=\"section\">\n\t\t\t\t\t\t<div class=\"elementor-container elementor-column-gap-default\">\n\t\t\t\t\t\t\t<div class=\"elementor-row\">\n\t\t\t\t\t<div class=\"elementor-column elementor-col-100 elementor-inner-column elementor-element elementor-element-b2d1495\" data-id=\"b2d1495\" data-element_type=\"column\">\n\t\t\t<div class=\"elementor-column-wrap elementor-element-populated\">\n\t\t\t\t\t\t\t<div class=\"elementor-widget-wrap\">\n\t\t\t\t\t\t<div class=\"elementor-element elementor-element-3c482cf elementor-widget elementor-widget-text-editor\" data-id=\"3c482cf\" data-element_type=\"widget\" data-widget_type=\"text-editor.default\">\n\t\t\t\t<div class=\"elementor-widget-container\">\n\t\t\t\t\t\t\t\t<div class=\"elementor-text-editor elementor-clearfix\">\n\t\t\t\t\t<p>Terapia poate fi aplicat\u0103 \u00een moduri de lucru, cu acela\u0219i electrod: capacitiv (structuri superficiale), respectiv rezistiv (tendoane \u0219i ligamente). Schimbarea se face simplu, prin ap\u0103sarea unui buton, f\u0103r\u0103 a necesita schimbarea electrozilor.<\/p><p>Terapia TECAR (Transfer Energetic Capacitiv \u0219i Rezistiv) este unul dintre cele mai moderne tratamente folosite cu succes la ora actual\u0103 \u00een fiziokinetoterapie. Este utilizat\u0103 preponderent de kinetoterapeu\u021bi, osteopa\u021bi \u0219i medicina sportiv\u0103, datorit\u0103 efectelor rapide \u0219i de durat\u0103.<\/p><p>Terapia TECAR este utilizat\u0103 \u00een special \u00een:<\/p><p>Ortopedie-traumatologie (afec\u021biuni ale sistemului musculo-scheletal);<\/p><p>Terapia durerii (lombalgii, lombosciatica);<\/p><p>Medicina sportiv\u0103;<\/p><p>Reumatologie (artroze, spondilartroze);<\/p><p>Afec\u021biuni circulatorii;<\/p><p>Patologii viscerale.<\/p><p>Lista afec\u021biunilor tratate include afec\u021biuni cum ar fi epicondilita radiala \u0219i ulnara, tendinita, bursita, artroza, spondilartroza, cervicobrahialgia, cervicalgia, sindrom de tunel carpian, lombalgie, lombosciatica, bursita trohanterian\u0103, pubalgia, luxa\u021bii ale gleznei, fasciita plantar\u0103, fracturi \u0219i rupturi musculare<\/p>\t\t\t\t\t<\/div>\n\t\t\t\t\t\t<\/div>\n\t\t\t\t<\/div>\n\t\t\t\t<div class=\"elementor-element elementor-element-1f11267 elementor-widget elementor-widget-spacer\" data-id=\"1f11267\" data-element_type=\"widget\" data-widget_type=\"spacer.default\">\n\t\t\t\t<div class=\"elementor-widget-container\">\n\t\t\t\t\t<div class=\"elementor-spacer\">\n\t\t\t<div class=\"elementor-spacer-inner\"><\/div>\n\t\t<\/div>\n\t\t\t\t<\/div>\n\t\t\t\t<\/div>\n\t\t\t\t\t\t<\/div>\n\t\t\t\t\t<\/div>\n\t\t<\/div>\n\t\t\t\t\t\t\t\t<\/div>\n\t\t\t\t\t<\/div>\n\t\t<\/section>\n\t\t\t\t\t\t<\/div>\n\t\t\t\t\t<\/div>\n\t\t<\/div>\n\t\t\t\t\t\t\t\t<\/div>\n\t\t\t\t\t<\/div>\n\t\t<\/section>\n\t\t\t\t\t\t<\/div>\n\t\t\t\t\t\t<\/div>\n\t\t\t\t\t<\/div>\n\t\t","protected":false},"excerpt":{"rendered":"<p>Previous Next Tecar Terapia prin radiofrecven\u021ba TECAR transfer\u0103 curent electromagnetic de \u00eenalt\u0103 frecven\u021b\u0103 prin toate \u021besuturile corpului \u0219i creeaz\u0103 o bun\u0103 localizare a efectului termic \u00een \u021besut, sus\u021bin\u00e2nd vindecarea at\u00e2t la nivel macroscopic c\u00e2t \u0219i celular. \u00cenc\u00e2lzirea \u021besuturilor are ca efect cre\u0219terea aportului de s\u00e2nge \u00een zon\u0103, schimbul dintre vene \u0219i \u021besuturi av\u00e2nd loc mai [&hellip;]<\/p>\n","protected":false},"author":1,"featured_media":0,"parent":0,"menu_order":0,"comment_status":"closed","ping_status":"closed","template":"elementor_header_footer","meta":[],"_links":{"self":[{"href":"https:\/\/resetclinic.ro\/index.php\/wp-json\/wp\/v2\/pages\/738"}],"collection":[{"href":"https:\/\/resetclinic.ro\/index.php\/wp-json\/wp\/v2\/pages"}],"about":[{"href":"https:\/\/resetclinic.ro\/index.php\/wp-json\/wp\/v2\/types\/page"}],"author":[{"embeddable":true,"href":"https:\/\/resetclinic.ro\/index.php\/wp-json\/wp\/v2\/users\/1"}],"replies":[{"embeddable":true,"href":"https:\/\/resetclinic.ro\/index.php\/wp-json\/wp\/v2\/comments?post=738"}],"version-history":[{"count":4,"href":"https:\/\/resetclinic.ro\/index.php\/wp-json\/wp\/v2\/pages\/738\/revisions"}],"predecessor-version":[{"id":749,"href":"https:\/\/resetclinic.ro\/index.php\/wp-json\/wp\/v2\/pages\/738\/revisions\/749"}],"wp:attachment":[{"href":"https:\/\/resetclinic.ro\/index.php\/wp-json\/wp\/v2\/media?parent=738"}],"curies":[{"name":"wp","href":"https:\/\/api.w.org\/{rel}","templated":true}]}}