{"id":750,"date":"2021-03-05T07:37:00","date_gmt":"2021-03-05T07:37:00","guid":{"rendered":"https:\/\/resetclinic.ro\/?page_id=750"},"modified":"2021-03-05T07:37:46","modified_gmt":"2021-03-05T07:37:46","slug":"afectiuni","status":"publish","type":"page","link":"https:\/\/resetclinic.ro\/index.php\/afectiuni\/","title":{"rendered":"Afectiuni"},"content":{"rendered":"\t\t<div data-elementor-type=\"wp-page\" data-elementor-id=\"750\" class=\"elementor elementor-750\" data-elementor-settings=\"[]\">\n\t\t\t\t\t\t<div class=\"elementor-inner\">\n\t\t\t\t\t\t\t<div class=\"elementor-section-wrap\">\n\t\t\t\t\t\t\t<section class=\"elementor-section elementor-top-section elementor-element elementor-element-107cd71 elementor-section-boxed elementor-section-height-default elementor-section-height-default\" data-id=\"107cd71\" data-element_type=\"section\" id=\"afectiuni\">\n\t\t\t\t\t\t<div class=\"elementor-container elementor-column-gap-default\">\n\t\t\t\t\t\t\t<div class=\"elementor-row\">\n\t\t\t\t\t<div class=\"elementor-column elementor-col-100 elementor-top-column elementor-element elementor-element-0e1ea43\" data-id=\"0e1ea43\" data-element_type=\"column\">\n\t\t\t<div class=\"elementor-column-wrap elementor-element-populated\">\n\t\t\t\t\t\t\t<div class=\"elementor-widget-wrap\">\n\t\t\t\t\t\t<section class=\"elementor-section elementor-inner-section elementor-element elementor-element-1b67280 elementor-section-boxed elementor-section-height-default elementor-section-height-default\" data-id=\"1b67280\" data-element_type=\"section\">\n\t\t\t\t\t\t<div class=\"elementor-container elementor-column-gap-default\">\n\t\t\t\t\t\t\t<div class=\"elementor-row\">\n\t\t\t\t\t<div class=\"elementor-column elementor-col-20 elementor-inner-column elementor-element elementor-element-7e912f9\" data-id=\"7e912f9\" data-element_type=\"column\">\n\t\t\t<div class=\"elementor-column-wrap elementor-element-populated\">\n\t\t\t\t\t\t\t<div class=\"elementor-widget-wrap\">\n\t\t\t\t\t\t<div class=\"elementor-element elementor-element-e9fea2e elementor-widget elementor-widget-image\" data-id=\"e9fea2e\" data-element_type=\"widget\" data-widget_type=\"image.default\">\n\t\t\t\t<div class=\"elementor-widget-container\">\n\t\t\t\t\t\t\t\t<div class=\"elementor-image\">\n\t\t\t\t\t\t\t\t\t\t\t\t<img width=\"1080\" height=\"1080\" src=\"https:\/\/resetclinic.ro\/wp-content\/uploads\/2021\/03\/dureri-CERVIC-front.png\" class=\"attachment-full size-full\" alt=\"\" loading=\"lazy\" srcset=\"https:\/\/resetclinic.ro\/wp-content\/uploads\/2021\/03\/dureri-CERVIC-front.png 1080w, https:\/\/resetclinic.ro\/wp-content\/uploads\/2021\/03\/dureri-CERVIC-front-300x300.png 300w, https:\/\/resetclinic.ro\/wp-content\/uploads\/2021\/03\/dureri-CERVIC-front-1024x1024.png 1024w, https:\/\/resetclinic.ro\/wp-content\/uploads\/2021\/03\/dureri-CERVIC-front-150x150.png 150w, https:\/\/resetclinic.ro\/wp-content\/uploads\/2021\/03\/dureri-CERVIC-front-768x768.png 768w\" sizes=\"(max-width: 1080px) 100vw, 1080px\" \/>\t\t\t\t\t\t\t\t\t\t\t\t\t\t<\/div>\n\t\t\t\t\t\t<\/div>\n\t\t\t\t<\/div>\n\t\t\t\t<div class=\"elementor-element elementor-element-8408902 elementor-align-justify elementor-widget elementor-widget-button\" data-id=\"8408902\" data-element_type=\"widget\" data-widget_type=\"button.default\">\n\t\t\t\t<div class=\"elementor-widget-container\">\n\t\t\t\t\t<div class=\"elementor-button-wrapper\">\n\t\t\t<a href=\"https:\/\/resetclinic.ro\/index.php\/dureri-cervicale\/\" class=\"elementor-button-link elementor-button elementor-size-sm\" role=\"button\">\n\t\t\t\t\t\t<span class=\"elementor-button-content-wrapper\">\n\t\t\t\t\t\t<span class=\"elementor-button-text\">DURERI CERVICALE<\/span>\n\t\t<\/span>\n\t\t\t\t\t<\/a>\n\t\t<\/div>\n\t\t\t\t<\/div>\n\t\t\t\t<\/div>\n\t\t\t\t\t\t<\/div>\n\t\t\t\t\t<\/div>\n\t\t<\/div>\n\t\t\t\t<div class=\"elementor-column elementor-col-20 elementor-inner-column elementor-element elementor-element-f027996\" data-id=\"f027996\" data-element_type=\"column\">\n\t\t\t<div class=\"elementor-column-wrap elementor-element-populated\">\n\t\t\t\t\t\t\t<div class=\"elementor-widget-wrap\">\n\t\t\t\t\t\t<div class=\"elementor-element elementor-element-8488236 elementor-widget elementor-widget-image\" data-id=\"8488236\" data-element_type=\"widget\" data-widget_type=\"image.default\">\n\t\t\t\t<div class=\"elementor-widget-container\">\n\t\t\t\t\t\t\t\t<div class=\"elementor-image\">\n\t\t\t\t\t\t\t\t\t\t\t\t<img width=\"1080\" height=\"1080\" src=\"https:\/\/resetclinic.ro\/wp-content\/uploads\/2021\/03\/4.png\" class=\"attachment-full size-full\" alt=\"\" loading=\"lazy\" srcset=\"https:\/\/resetclinic.ro\/wp-content\/uploads\/2021\/03\/4.png 1080w, https:\/\/resetclinic.ro\/wp-content\/uploads\/2021\/03\/4-300x300.png 300w, https:\/\/resetclinic.ro\/wp-content\/uploads\/2021\/03\/4-1024x1024.png 1024w, https:\/\/resetclinic.ro\/wp-content\/uploads\/2021\/03\/4-150x150.png 150w, https:\/\/resetclinic.ro\/wp-content\/uploads\/2021\/03\/4-768x768.png 768w\" sizes=\"(max-width: 1080px) 100vw, 1080px\" \/>\t\t\t\t\t\t\t\t\t\t\t\t\t\t<\/div>\n\t\t\t\t\t\t<\/div>\n\t\t\t\t<\/div>\n\t\t\t\t<div class=\"elementor-element elementor-element-298e50b elementor-align-justify elementor-widget elementor-widget-button\" data-id=\"298e50b\" data-element_type=\"widget\" data-widget_type=\"button.default\">\n\t\t\t\t<div class=\"elementor-widget-container\">\n\t\t\t\t\t<div class=\"elementor-button-wrapper\">\n\t\t\t<a href=\"https:\/\/resetclinic.ro\/index.php\/dureri-lombare\/\" class=\"elementor-button-link elementor-button elementor-size-sm\" role=\"button\">\n\t\t\t\t\t\t<span class=\"elementor-button-content-wrapper\">\n\t\t\t\t\t\t<span class=\"elementor-button-text\">DURERI LOMBARE<\/span>\n\t\t<\/span>\n\t\t\t\t\t<\/a>\n\t\t<\/div>\n\t\t\t\t<\/div>\n\t\t\t\t<\/div>\n\t\t\t\t\t\t<\/div>\n\t\t\t\t\t<\/div>\n\t\t<\/div>\n\t\t\t\t<div class=\"elementor-column elementor-col-20 elementor-inner-column elementor-element elementor-element-d04582c\" data-id=\"d04582c\" data-element_type=\"column\">\n\t\t\t<div class=\"elementor-column-wrap elementor-element-populated\">\n\t\t\t\t\t\t\t<div class=\"elementor-widget-wrap\">\n\t\t\t\t\t\t<div class=\"elementor-element elementor-element-e8f0ad4 elementor-widget elementor-widget-image\" data-id=\"e8f0ad4\" data-element_type=\"widget\" data-widget_type=\"image.default\">\n\t\t\t\t<div class=\"elementor-widget-container\">\n\t\t\t\t\t\t\t\t<div class=\"elementor-image\">\n\t\t\t\t\t\t\t\t\t\t\t\t<img width=\"1080\" height=\"1080\" src=\"https:\/\/resetclinic.ro\/wp-content\/uploads\/2021\/03\/2.png\" class=\"attachment-full size-full\" alt=\"\" loading=\"lazy\" srcset=\"https:\/\/resetclinic.ro\/wp-content\/uploads\/2021\/03\/2.png 1080w, https:\/\/resetclinic.ro\/wp-content\/uploads\/2021\/03\/2-300x300.png 300w, https:\/\/resetclinic.ro\/wp-content\/uploads\/2021\/03\/2-1024x1024.png 1024w, https:\/\/resetclinic.ro\/wp-content\/uploads\/2021\/03\/2-150x150.png 150w, https:\/\/resetclinic.ro\/wp-content\/uploads\/2021\/03\/2-768x768.png 768w\" sizes=\"(max-width: 1080px) 100vw, 1080px\" \/>\t\t\t\t\t\t\t\t\t\t\t\t\t\t<\/div>\n\t\t\t\t\t\t<\/div>\n\t\t\t\t<\/div>\n\t\t\t\t<div class=\"elementor-element elementor-element-d28edfd elementor-align-justify elementor-widget elementor-widget-button\" data-id=\"d28edfd\" data-element_type=\"widget\" data-widget_type=\"button.default\">\n\t\t\t\t<div class=\"elementor-widget-container\">\n\t\t\t\t\t<div class=\"elementor-button-wrapper\">\n\t\t\t<a href=\"https:\/\/resetclinic.ro\/index.php\/leziuni-sportive\/\" class=\"elementor-button-link elementor-button elementor-size-sm\" role=\"button\">\n\t\t\t\t\t\t<span class=\"elementor-button-content-wrapper\">\n\t\t\t\t\t\t<span class=\"elementor-button-text\">LEZIUNI SPORTIVE<\/span>\n\t\t<\/span>\n\t\t\t\t\t<\/a>\n\t\t<\/div>\n\t\t\t\t<\/div>\n\t\t\t\t<\/div>\n\t\t\t\t\t\t<\/div>\n\t\t\t\t\t<\/div>\n\t\t<\/div>\n\t\t\t\t<div class=\"elementor-column elementor-col-20 elementor-inner-column elementor-element elementor-element-12c28ff\" data-id=\"12c28ff\" data-element_type=\"column\">\n\t\t\t<div class=\"elementor-column-wrap elementor-element-populated\">\n\t\t\t\t\t\t\t<div class=\"elementor-widget-wrap\">\n\t\t\t\t\t\t<div class=\"elementor-element elementor-element-81d68f5 elementor-widget elementor-widget-image\" data-id=\"81d68f5\" data-element_type=\"widget\" data-widget_type=\"image.default\">\n\t\t\t\t<div class=\"elementor-widget-container\">\n\t\t\t\t\t\t\t\t<div class=\"elementor-image\">\n\t\t\t\t\t\t\t\t\t\t\t\t<img width=\"1080\" height=\"1080\" src=\"https:\/\/resetclinic.ro\/wp-content\/uploads\/2021\/03\/RESET-FRONT-.png\" class=\"attachment-full size-full\" alt=\"\" loading=\"lazy\" srcset=\"https:\/\/resetclinic.ro\/wp-content\/uploads\/2021\/03\/RESET-FRONT-.png 1080w, https:\/\/resetclinic.ro\/wp-content\/uploads\/2021\/03\/RESET-FRONT--300x300.png 300w, https:\/\/resetclinic.ro\/wp-content\/uploads\/2021\/03\/RESET-FRONT--1024x1024.png 1024w, https:\/\/resetclinic.ro\/wp-content\/uploads\/2021\/03\/RESET-FRONT--150x150.png 150w, https:\/\/resetclinic.ro\/wp-content\/uploads\/2021\/03\/RESET-FRONT--768x768.png 768w\" sizes=\"(max-width: 1080px) 100vw, 1080px\" \/>\t\t\t\t\t\t\t\t\t\t\t\t\t\t<\/div>\n\t\t\t\t\t\t<\/div>\n\t\t\t\t<\/div>\n\t\t\t\t<div class=\"elementor-element elementor-element-2e102b7 elementor-align-justify elementor-widget elementor-widget-button\" data-id=\"2e102b7\" data-element_type=\"widget\" data-widget_type=\"button.default\">\n\t\t\t\t<div class=\"elementor-widget-container\">\n\t\t\t\t\t<div class=\"elementor-button-wrapper\">\n\t\t\t<a href=\"https:\/\/resetclinic.ro\/index.php\/tendinita\/\" class=\"elementor-button-link elementor-button elementor-size-sm\" role=\"button\">\n\t\t\t\t\t\t<span class=\"elementor-button-content-wrapper\">\n\t\t\t\t\t\t<span class=\"elementor-button-text\">TENDINITA<\/span>\n\t\t<\/span>\n\t\t\t\t\t<\/a>\n\t\t<\/div>\n\t\t\t\t<\/div>\n\t\t\t\t<\/div>\n\t\t\t\t\t\t<\/div>\n\t\t\t\t\t<\/div>\n\t\t<\/div>\n\t\t\t\t<div class=\"elementor-column elementor-col-20 elementor-inner-column elementor-element elementor-element-7603d3c\" data-id=\"7603d3c\" data-element_type=\"column\">\n\t\t\t<div class=\"elementor-column-wrap elementor-element-populated\">\n\t\t\t\t\t\t\t<div class=\"elementor-widget-wrap\">\n\t\t\t\t\t\t<div class=\"elementor-element elementor-element-93f460b elementor-widget elementor-widget-image\" data-id=\"93f460b\" data-element_type=\"widget\" data-widget_type=\"image.default\">\n\t\t\t\t<div class=\"elementor-widget-container\">\n\t\t\t\t\t\t\t\t<div class=\"elementor-image\">\n\t\t\t\t\t\t\t\t\t\t\t\t<img width=\"1080\" height=\"1080\" src=\"https:\/\/resetclinic.ro\/wp-content\/uploads\/2021\/03\/RESET-FRONT-1.png\" class=\"attachment-full size-full\" alt=\"\" loading=\"lazy\" srcset=\"https:\/\/resetclinic.ro\/wp-content\/uploads\/2021\/03\/RESET-FRONT-1.png 1080w, https:\/\/resetclinic.ro\/wp-content\/uploads\/2021\/03\/RESET-FRONT-1-300x300.png 300w, https:\/\/resetclinic.ro\/wp-content\/uploads\/2021\/03\/RESET-FRONT-1-1024x1024.png 1024w, https:\/\/resetclinic.ro\/wp-content\/uploads\/2021\/03\/RESET-FRONT-1-150x150.png 150w, https:\/\/resetclinic.ro\/wp-content\/uploads\/2021\/03\/RESET-FRONT-1-768x768.png 768w\" sizes=\"(max-width: 1080px) 100vw, 1080px\" \/>\t\t\t\t\t\t\t\t\t\t\t\t\t\t<\/div>\n\t\t\t\t\t\t<\/div>\n\t\t\t\t<\/div>\n\t\t\t\t<div class=\"elementor-element elementor-element-5a41037 elementor-align-justify elementor-widget elementor-widget-button\" data-id=\"5a41037\" data-element_type=\"widget\" data-widget_type=\"button.default\">\n\t\t\t\t<div class=\"elementor-widget-container\">\n\t\t\t\t\t<div class=\"elementor-button-wrapper\">\n\t\t\t<a href=\"https:\/\/resetclinic.ro\/index.php\/poliartrita-reumatoida\/\" class=\"elementor-button-link elementor-button elementor-size-sm\" role=\"button\">\n\t\t\t\t\t\t<span class=\"elementor-button-content-wrapper\">\n\t\t\t\t\t\t<span class=\"elementor-button-text\">POLIARTRIT\u0102 REUMATOID\u0102<\/span>\n\t\t<\/span>\n\t\t\t\t\t<\/a>\n\t\t<\/div>\n\t\t\t\t<\/div>\n\t\t\t\t<\/div>\n\t\t\t\t\t\t<\/div>\n\t\t\t\t\t<\/div>\n\t\t<\/div>\n\t\t\t\t\t\t\t\t<\/div>\n\t\t\t\t\t<\/div>\n\t\t<\/section>\n\t\t\t\t<section class=\"elementor-section elementor-inner-section elementor-element elementor-element-46b4e2e elementor-section-boxed elementor-section-height-default elementor-section-height-default\" data-id=\"46b4e2e\" data-element_type=\"section\">\n\t\t\t\t\t\t<div class=\"elementor-container elementor-column-gap-default\">\n\t\t\t\t\t\t\t<div class=\"elementor-row\">\n\t\t\t\t\t<div class=\"elementor-column elementor-col-20 elementor-inner-column elementor-element elementor-element-da9fb08\" data-id=\"da9fb08\" data-element_type=\"column\">\n\t\t\t<div class=\"elementor-column-wrap elementor-element-populated\">\n\t\t\t\t\t\t\t<div class=\"elementor-widget-wrap\">\n\t\t\t\t\t\t<div class=\"elementor-element elementor-element-f66c605 elementor-widget elementor-widget-image\" data-id=\"f66c605\" data-element_type=\"widget\" data-widget_type=\"image.default\">\n\t\t\t\t<div class=\"elementor-widget-container\">\n\t\t\t\t\t\t\t\t<div class=\"elementor-image\">\n\t\t\t\t\t\t\t\t\t\t\t\t<img width=\"1080\" height=\"1080\" src=\"https:\/\/resetclinic.ro\/wp-content\/uploads\/2021\/03\/3.png\" class=\"attachment-full size-full\" alt=\"\" loading=\"lazy\" srcset=\"https:\/\/resetclinic.ro\/wp-content\/uploads\/2021\/03\/3.png 1080w, https:\/\/resetclinic.ro\/wp-content\/uploads\/2021\/03\/3-300x300.png 300w, https:\/\/resetclinic.ro\/wp-content\/uploads\/2021\/03\/3-1024x1024.png 1024w, https:\/\/resetclinic.ro\/wp-content\/uploads\/2021\/03\/3-150x150.png 150w, https:\/\/resetclinic.ro\/wp-content\/uploads\/2021\/03\/3-768x768.png 768w\" sizes=\"(max-width: 1080px) 100vw, 1080px\" \/>\t\t\t\t\t\t\t\t\t\t\t\t\t\t<\/div>\n\t\t\t\t\t\t<\/div>\n\t\t\t\t<\/div>\n\t\t\t\t<div class=\"elementor-element elementor-element-b9ee412 elementor-align-justify elementor-widget elementor-widget-button\" data-id=\"b9ee412\" data-element_type=\"widget\" data-widget_type=\"button.default\">\n\t\t\t\t<div class=\"elementor-widget-container\">\n\t\t\t\t\t<div class=\"elementor-button-wrapper\">\n\t\t\t<a href=\"https:\/\/resetclinic.ro\/index.php\/artroza\/\" class=\"elementor-button-link elementor-button elementor-size-sm\" role=\"button\">\n\t\t\t\t\t\t<span class=\"elementor-button-content-wrapper\">\n\t\t\t\t\t\t<span class=\"elementor-button-text\">ARTROZ\u0102<\/span>\n\t\t<\/span>\n\t\t\t\t\t<\/a>\n\t\t<\/div>\n\t\t\t\t<\/div>\n\t\t\t\t<\/div>\n\t\t\t\t\t\t<\/div>\n\t\t\t\t\t<\/div>\n\t\t<\/div>\n\t\t\t\t<div class=\"elementor-column elementor-col-20 elementor-inner-column elementor-element elementor-element-2647177\" data-id=\"2647177\" data-element_type=\"column\">\n\t\t\t<div class=\"elementor-column-wrap elementor-element-populated\">\n\t\t\t\t\t\t\t<div class=\"elementor-widget-wrap\">\n\t\t\t\t\t\t<div class=\"elementor-element elementor-element-f494572 elementor-widget elementor-widget-image\" data-id=\"f494572\" data-element_type=\"widget\" data-widget_type=\"image.default\">\n\t\t\t\t<div class=\"elementor-widget-container\">\n\t\t\t\t\t\t\t\t<div class=\"elementor-image\">\n\t\t\t\t\t\t\t\t\t\t\t\t<img width=\"1080\" height=\"1080\" src=\"https:\/\/resetclinic.ro\/wp-content\/uploads\/2021\/03\/3-1.png\" class=\"attachment-full size-full\" alt=\"\" loading=\"lazy\" srcset=\"https:\/\/resetclinic.ro\/wp-content\/uploads\/2021\/03\/3-1.png 1080w, https:\/\/resetclinic.ro\/wp-content\/uploads\/2021\/03\/3-1-300x300.png 300w, https:\/\/resetclinic.ro\/wp-content\/uploads\/2021\/03\/3-1-1024x1024.png 1024w, https:\/\/resetclinic.ro\/wp-content\/uploads\/2021\/03\/3-1-150x150.png 150w, https:\/\/resetclinic.ro\/wp-content\/uploads\/2021\/03\/3-1-768x768.png 768w\" sizes=\"(max-width: 1080px) 100vw, 1080px\" \/>\t\t\t\t\t\t\t\t\t\t\t\t\t\t<\/div>\n\t\t\t\t\t\t<\/div>\n\t\t\t\t<\/div>\n\t\t\t\t<div class=\"elementor-element elementor-element-46633d2 elementor-align-justify elementor-widget elementor-widget-button\" data-id=\"46633d2\" data-element_type=\"widget\" data-widget_type=\"button.default\">\n\t\t\t\t<div class=\"elementor-widget-container\">\n\t\t\t\t\t<div class=\"elementor-button-wrapper\">\n\t\t\t<a href=\"https:\/\/resetclinic.ro\/index.php\/entrose\/\" class=\"elementor-button-link elementor-button elementor-size-sm\" role=\"button\">\n\t\t\t\t\t\t<span class=\"elementor-button-content-wrapper\">\n\t\t\t\t\t\t<span class=\"elementor-button-text\">ENTORSE<\/span>\n\t\t<\/span>\n\t\t\t\t\t<\/a>\n\t\t<\/div>\n\t\t\t\t<\/div>\n\t\t\t\t<\/div>\n\t\t\t\t\t\t<\/div>\n\t\t\t\t\t<\/div>\n\t\t<\/div>\n\t\t\t\t<div class=\"elementor-column elementor-col-20 elementor-inner-column elementor-element elementor-element-d6db88c\" data-id=\"d6db88c\" data-element_type=\"column\">\n\t\t\t<div class=\"elementor-column-wrap elementor-element-populated\">\n\t\t\t\t\t\t\t<div class=\"elementor-widget-wrap\">\n\t\t\t\t\t\t<div class=\"elementor-element elementor-element-0291412 elementor-widget elementor-widget-image\" data-id=\"0291412\" data-element_type=\"widget\" data-widget_type=\"image.default\">\n\t\t\t\t<div class=\"elementor-widget-container\">\n\t\t\t\t\t\t\t\t<div class=\"elementor-image\">\n\t\t\t\t\t\t\t\t\t\t\t\t<img width=\"1080\" height=\"1080\" src=\"https:\/\/resetclinic.ro\/wp-content\/uploads\/2021\/03\/4-1.png\" class=\"attachment-full size-full\" alt=\"\" loading=\"lazy\" srcset=\"https:\/\/resetclinic.ro\/wp-content\/uploads\/2021\/03\/4-1.png 1080w, https:\/\/resetclinic.ro\/wp-content\/uploads\/2021\/03\/4-1-300x300.png 300w, https:\/\/resetclinic.ro\/wp-content\/uploads\/2021\/03\/4-1-1024x1024.png 1024w, https:\/\/resetclinic.ro\/wp-content\/uploads\/2021\/03\/4-1-150x150.png 150w, https:\/\/resetclinic.ro\/wp-content\/uploads\/2021\/03\/4-1-768x768.png 768w\" sizes=\"(max-width: 1080px) 100vw, 1080px\" \/>\t\t\t\t\t\t\t\t\t\t\t\t\t\t<\/div>\n\t\t\t\t\t\t<\/div>\n\t\t\t\t<\/div>\n\t\t\t\t<div class=\"elementor-element elementor-element-9aadbe9 elementor-align-justify elementor-widget elementor-widget-button\" data-id=\"9aadbe9\" data-element_type=\"widget\" data-widget_type=\"button.default\">\n\t\t\t\t<div class=\"elementor-widget-container\">\n\t\t\t\t\t<div class=\"elementor-button-wrapper\">\n\t\t\t<a href=\"https:\/\/resetclinic.ro\/index.php\/fracturi\/\" class=\"elementor-button-link elementor-button elementor-size-sm\" role=\"button\">\n\t\t\t\t\t\t<span class=\"elementor-button-content-wrapper\">\n\t\t\t\t\t\t<span class=\"elementor-button-text\">FRACTURI<\/span>\n\t\t<\/span>\n\t\t\t\t\t<\/a>\n\t\t<\/div>\n\t\t\t\t<\/div>\n\t\t\t\t<\/div>\n\t\t\t\t\t\t<\/div>\n\t\t\t\t\t<\/div>\n\t\t<\/div>\n\t\t\t\t<div class=\"elementor-column elementor-col-20 elementor-inner-column elementor-element elementor-element-60e3c5f\" data-id=\"60e3c5f\" data-element_type=\"column\">\n\t\t\t<div class=\"elementor-column-wrap elementor-element-populated\">\n\t\t\t\t\t\t\t<div class=\"elementor-widget-wrap\">\n\t\t\t\t\t\t<div class=\"elementor-element elementor-element-77e1c11 elementor-widget elementor-widget-image\" data-id=\"77e1c11\" data-element_type=\"widget\" data-widget_type=\"image.default\">\n\t\t\t\t<div class=\"elementor-widget-container\">\n\t\t\t\t\t\t\t\t<div class=\"elementor-image\">\n\t\t\t\t\t\t\t\t\t\t\t\t<img width=\"1080\" height=\"1080\" src=\"https:\/\/resetclinic.ro\/wp-content\/uploads\/2021\/03\/RESET-FRONT-2.png\" class=\"attachment-full size-full\" alt=\"\" loading=\"lazy\" srcset=\"https:\/\/resetclinic.ro\/wp-content\/uploads\/2021\/03\/RESET-FRONT-2.png 1080w, https:\/\/resetclinic.ro\/wp-content\/uploads\/2021\/03\/RESET-FRONT-2-300x300.png 300w, https:\/\/resetclinic.ro\/wp-content\/uploads\/2021\/03\/RESET-FRONT-2-1024x1024.png 1024w, https:\/\/resetclinic.ro\/wp-content\/uploads\/2021\/03\/RESET-FRONT-2-150x150.png 150w, https:\/\/resetclinic.ro\/wp-content\/uploads\/2021\/03\/RESET-FRONT-2-768x768.png 768w\" sizes=\"(max-width: 1080px) 100vw, 1080px\" \/>\t\t\t\t\t\t\t\t\t\t\t\t\t\t<\/div>\n\t\t\t\t\t\t<\/div>\n\t\t\t\t<\/div>\n\t\t\t\t<div class=\"elementor-element elementor-element-e20f5be elementor-align-justify elementor-widget elementor-widget-button\" data-id=\"e20f5be\" data-element_type=\"widget\" data-widget_type=\"button.default\">\n\t\t\t\t<div class=\"elementor-widget-container\">\n\t\t\t\t\t<div class=\"elementor-button-wrapper\">\n\t\t\t<a href=\"https:\/\/resetclinic.ro\/index.php\/pareze\/\" class=\"elementor-button-link elementor-button elementor-size-sm\" role=\"button\">\n\t\t\t\t\t\t<span class=\"elementor-button-content-wrapper\">\n\t\t\t\t\t\t<span class=\"elementor-button-text\">PAREZE<\/span>\n\t\t<\/span>\n\t\t\t\t\t<\/a>\n\t\t<\/div>\n\t\t\t\t<\/div>\n\t\t\t\t<\/div>\n\t\t\t\t\t\t<\/div>\n\t\t\t\t\t<\/div>\n\t\t<\/div>\n\t\t\t\t<div class=\"elementor-column elementor-col-20 elementor-inner-column elementor-element elementor-element-0bcda73\" data-id=\"0bcda73\" data-element_type=\"column\">\n\t\t\t<div class=\"elementor-column-wrap elementor-element-populated\">\n\t\t\t\t\t\t\t<div class=\"elementor-widget-wrap\">\n\t\t\t\t\t\t<div class=\"elementor-element elementor-element-f2e3d23 elementor-widget elementor-widget-image\" data-id=\"f2e3d23\" data-element_type=\"widget\" data-widget_type=\"image.default\">\n\t\t\t\t<div class=\"elementor-widget-container\">\n\t\t\t\t\t\t\t\t<div class=\"elementor-image\">\n\t\t\t\t\t\t\t\t\t\t\t\t<img width=\"1080\" height=\"1080\" src=\"https:\/\/resetclinic.ro\/wp-content\/uploads\/2021\/03\/3-2.png\" class=\"attachment-full size-full\" alt=\"\" loading=\"lazy\" srcset=\"https:\/\/resetclinic.ro\/wp-content\/uploads\/2021\/03\/3-2.png 1080w, https:\/\/resetclinic.ro\/wp-content\/uploads\/2021\/03\/3-2-300x300.png 300w, https:\/\/resetclinic.ro\/wp-content\/uploads\/2021\/03\/3-2-1024x1024.png 1024w, https:\/\/resetclinic.ro\/wp-content\/uploads\/2021\/03\/3-2-150x150.png 150w, https:\/\/resetclinic.ro\/wp-content\/uploads\/2021\/03\/3-2-768x768.png 768w\" sizes=\"(max-width: 1080px) 100vw, 1080px\" \/>\t\t\t\t\t\t\t\t\t\t\t\t\t\t<\/div>\n\t\t\t\t\t\t<\/div>\n\t\t\t\t<\/div>\n\t\t\t\t<div class=\"elementor-element elementor-element-bd39368 elementor-align-justify elementor-widget elementor-widget-button\" data-id=\"bd39368\" data-element_type=\"widget\" data-widget_type=\"button.default\">\n\t\t\t\t<div class=\"elementor-widget-container\">\n\t\t\t\t\t<div class=\"elementor-button-wrapper\">\n\t\t\t<a href=\"https:\/\/resetclinic.ro\/index.php\/accidente-vasculare\/\" class=\"elementor-button-link elementor-button elementor-size-sm\" role=\"button\">\n\t\t\t\t\t\t<span class=\"elementor-button-content-wrapper\">\n\t\t\t\t\t\t<span class=\"elementor-button-text\">ACCIDENTE VASCULARE<\/span>\n\t\t<\/span>\n\t\t\t\t\t<\/a>\n\t\t<\/div>\n\t\t\t\t<\/div>\n\t\t\t\t<\/div>\n\t\t\t\t\t\t<\/div>\n\t\t\t\t\t<\/div>\n\t\t<\/div>\n\t\t\t\t\t\t\t\t<\/div>\n\t\t\t\t\t<\/div>\n\t\t<\/section>\n\t\t\t\t\t\t<\/div>\n\t\t\t\t\t<\/div>\n\t\t<\/div>\n\t\t\t\t\t\t\t\t<\/div>\n\t\t\t\t\t<\/div>\n\t\t<\/section>\n\t\t\t\t\t\t<\/div>\n\t\t\t\t\t\t<\/div>\n\t\t\t\t\t<\/div>\n\t\t","protected":false},"excerpt":{"rendered":"<p>DURERI CERVICALE DURERI LOMBARE LEZIUNI SPORTIVE TENDINITA POLIARTRIT\u0102 REUMATOID\u0102 ARTROZ\u0102 ENTORSE FRACTURI PAREZE ACCIDENTE VASCULARE<\/p>\n","protected":false},"author":1,"featured_media":0,"parent":0,"menu_order":0,"comment_status":"closed","ping_status":"closed","template":"elementor_header_footer","meta":[],"_links":{"self":[{"href":"https:\/\/resetclinic.ro\/index.php\/wp-json\/wp\/v2\/pages\/750"}],"collection":[{"href":"https:\/\/resetclinic.ro\/index.php\/wp-json\/wp\/v2\/pages"}],"about":[{"href":"https:\/\/resetclinic.ro\/index.php\/wp-json\/wp\/v2\/types\/page"}],"author":[{"embeddable":true,"href":"https:\/\/resetclinic.ro\/index.php\/wp-json\/wp\/v2\/users\/1"}],"replies":[{"embeddable":true,"href":"https:\/\/resetclinic.ro\/index.php\/wp-json\/wp\/v2\/comments?post=750"}],"version-history":[{"count":7,"href":"https:\/\/resetclinic.ro\/index.php\/wp-json\/wp\/v2\/pages\/750\/revisions"}],"predecessor-version":[{"id":757,"href":"https:\/\/resetclinic.ro\/index.php\/wp-json\/wp\/v2\/pages\/750\/revisions\/757"}],"wp:attachment":[{"href":"https:\/\/resetclinic.ro\/index.php\/wp-json\/wp\/v2\/media?parent=750"}],"curies":[{"name":"wp","href":"https:\/\/api.w.org\/{rel}","templated":true}]}}